{"id":12,"date":"2014-07-16T22:29:56","date_gmt":"2014-07-16T22:29:56","guid":{"rendered":"http:\/\/komiza-babic.com\/?page_id=12"},"modified":"2024-12-03T08:27:36","modified_gmt":"2024-12-03T08:27:36","slug":"primjer-stranice","status":"publish","type":"page","link":"https:\/\/komiza-babic.com\/en\/","title":{"rendered":"Welcome"},"content":{"rendered":"\n<p>As soon as your boat (or ferry) lands in the Port of Vis on the eponymous island, situated deep down in a bay boasting a long and indented coast, take a beautiful and picturesque road (9 km) leading towards Komi\u017ea, located on the opposite, south-west coast of the island, at the foot of Mount Hum (587 m). No sooner than you undertake this journey, you come to realise that you have arrived at the right place, the one you should see at least once in your lifetime, due to its many beauties: a starry sky and moonlit greyish-blue sea.<br>The entire island exudes magical scents of the Mediterranean vegetation: sage, rosemary, lavender, laurel-tree, carob-tree, fig-tree, and pine-tree. Narrow streets lined with ancient stone houses tightly surrounding the harbour, sand and pebble coves, along with a mild Mediterranean climate, have been attracting tourists for decades, even during winter months.<\/p>\n\n\n\n<p>Komi\u017ea is bound to have a breathtaking effect on tourists, particularly once they visit its numerous natural and cultural sights, among which the most renowned is certainly the Blue Cave on the island of Bi\u0161evo, a unique natural phenomenon which is certain to exceed all your expectations. In the very centre of the town, at Riva (lungomare, sea promenade), the most distinguished symbol of Komi\u017ea is situated: the Venetian Grimaldi castle (Komuna), whose massive walls house collections of fishing equipment, bearing witness to the centuries-long fishing tradition, as well as the original gajeta-falku\u0161a fishing-boat. Upon an elevation overlooking the sea there is yet another recognisable symbol of Komi\u017ea: the Parish Church of St. Nicholas (Muster), with the remnants of the fortified Mediaeval Benedictine monastery, whereas, in the shade of centuries-old cypress trees, there is a cemetery of timeless silence, offering a luxuriant view of the entire Bay of Komi\u017ea, the vastness of the open sea, along with the islands of Bi\u0161evo and Sv. Andrija (St. Andrew).<\/p>\n\n\n\n<p>The beaches of Komi\u017ea are washed by greenish-blue waves of the open Adriatic, whose murmur seems to be attracting flocks of seagulls.<\/p>\n\n\n\n<p>As for the gastronomic offer of healthy home-grown food, a genuine gem of the local cuisine deserves to be mentioned: poga\u010da &#8211; salted fish and onions on unleavened bread, as well as the abundance of marine specialties, notwithstanding a vast array of local sweets and desserts (dried fig cake called hib, kro\u0161tule, etc.). Komi\u017ea is widely renowned for its first-class wines among which vugava of Vis (white wine) and plavac of Bi\u0161evo (red wine) rank among the most appreciated vine sorts, grown on the island since the Antiquity. Cordial hosts will undoubtedly offer you high-quality local herb brandy (travarica) and a genuine nectar, carob-tree liqueur of particular dry sweetish-acrid taste.<\/p>\n\n\n\n<p>During warm summer nights centuries-old stone streets resound with the heavenly harmony of klapa (a cappella) singing, preserved and cultivated by the local population for centuries.<\/p>\n\n\n\n<p>It is therefore by no means surprising that Vis should has been ranked by the World Environmental Organization among the ten best preserved islands of the Mediterranean. Legends, myths, and sirens still survive here, as do traditional boats (gajeta, kaji\u0107, leut), which have been sailing here to this day, thereby bearing witness to the primordial fateful connection to the sea and an eternal love for it.<\/p>\n","protected":false},"excerpt":{"rendered":"<p>As soon as your boat (or ferry) lands in the Port of Vis on the eponymous island, situated deep down in a bay boasting a long and indented coast, take a beautiful and picturesque road (9 km) leading towards Komi\u017ea, located on the opposite, south-west coast of the island, at the foot of Mount Hum [&hellip;]<\/p>\n","protected":false},"author":1,"featured_media":0,"parent":0,"menu_order":0,"comment_status":"closed","ping_status":"closed","template":"","meta":{"footnotes":""},"class_list":["post-12","page","type-page","status-publish","hentry"],"_links":{"self":[{"href":"https:\/\/komiza-babic.com\/en\/wp-json\/wp\/v2\/pages\/12","targetHints":{"allow":["GET"]}}],"collection":[{"href":"https:\/\/komiza-babic.com\/en\/wp-json\/wp\/v2\/pages"}],"about":[{"href":"https:\/\/komiza-babic.com\/en\/wp-json\/wp\/v2\/types\/page"}],"author":[{"embeddable":true,"href":"https:\/\/komiza-babic.com\/en\/wp-json\/wp\/v2\/users\/1"}],"replies":[{"embeddable":true,"href":"https:\/\/komiza-babic.com\/en\/wp-json\/wp\/v2\/comments?post=12"}],"version-history":[{"count":0,"href":"https:\/\/komiza-babic.com\/en\/wp-json\/wp\/v2\/pages\/12\/revisions"}],"wp:attachment":[{"href":"https:\/\/komiza-babic.com\/en\/wp-json\/wp\/v2\/media?parent=12"}],"curies":[{"name":"wp","href":"https:\/\/api.w.org\/{rel}","templated":true}]}}